{"id":49,"date":"2013-08-07T01:20:20","date_gmt":"2013-08-07T01:20:20","guid":{"rendered":"http:\/\/federicomorotorneseart.com\/?page_id=49"},"modified":"2022-04-05T23:17:13","modified_gmt":"2022-04-05T23:17:13","slug":"biografia","status":"publish","type":"page","link":"https:\/\/federicomorotorneseart.com\/?page_id=49","title":{"rendered":"Biograf\u00eda"},"content":{"rendered":"<h3 style=\"text-align: justify;\"><span style=\"color: #3366ff;\"><img loading=\"lazy\" decoding=\"async\" class=\"size-medium wp-image-456 aligncenter\" src=\"https:\/\/federicomorotorneseart.com\/wp-content\/uploads\/2013\/08\/BiografiaBrownPage-300x300.jpg\" alt=\"BiografiaBrownPage\" width=\"300\" height=\"300\" srcset=\"https:\/\/federicomorotorneseart.com\/wp-content\/uploads\/2013\/08\/BiografiaBrownPage-300x300.jpg 300w, https:\/\/federicomorotorneseart.com\/wp-content\/uploads\/2013\/08\/BiografiaBrownPage.jpg 500w\" sizes=\"auto, (max-width: 300px) 100vw, 300px\" \/>\u00a0\u00a0\u00a0\u00a0 <\/span><\/h3>\n<h3 style=\"text-align: center;\"><span style=\"color: #3366ff;\">Federico Moro Tornese naci\u00f3 en Buenos Aires, Argentina, donde estudi\u00f3 Bellas Artes en la Escuela Nacional de Bellas Artes Prilidiano Pueyrred\u00f3n y en la Fundaci\u00f3n Est\u00edmulo de Bellas Artes. Tambi\u00e9n estudi\u00f3 Dise\u00f1o de Imagen y Sonido en la Universidad de Buenos Aires. Continu\u00f3 sus estudios en New York City y trabaj\u00f3 en varias galer\u00edas en Sarasota, Florida, donde desarrollo sus habilidades como pintor urbanista. Cuando se mud\u00f3 a Espa\u00f1a se especializ\u00f3 en retratos debido a la gran cantidad de encargos que recibi\u00f3. Retrat\u00f3 varias personalidades, desde pol\u00edticos, escritores, profesores de universidades europeas y americanas a estudiantes erasmus. Federico tambi\u00e9n est\u00e1 interesado en la M\u00fasica y en el Cine. Actualmente Federico est\u00e1 trabajando en un comic<em>.<\/em><\/span><\/h3>\n<h3 style=\"text-align: justify;\"><span style=\"color: #3366ff;\">\u00a0\u00a0\u00a0\u00a0 <\/span><\/h3>\n<h1 style=\"text-align: justify;\"><span style=\"color: #999999;\">Biography:<\/span><\/h1>\n<h3 style=\"text-align: justify;\"><span style=\"color: #3366ff;\">\u00a0\u00a0\u00a0\u00a0 <\/span><\/h3>\n<h3 style=\"text-align: center;\"><span style=\"color: #3366ff;\">Federico Moro Tornese was born in Buenos Aires, Argentina, were he studied Fine Arts at the Escuela Nacional de Bellas Artes Prilidiano Pueyrred\u00f3n and at the Fundaci\u00f3n Est\u00edmulo de Bellas Artes. He also studied Design of Image and Sound at the Universidad de Buenos Aires. He continued his studies in New York City and worked in Sarasota, Florida, where he developed his technique as an urban painter. When he moved to Spain he specialized in portraits due to the large amount of commissions. He made portraits of several personalities, from politics, writers, and teachers of several universities to erasmus students. He is also interested in music and films. Nowadays he is working on a comic book<\/span><span style=\"color: #3366ff;\">.<\/span><\/h3>\n","protected":false},"excerpt":{"rendered":"<p>\u00a0\u00a0\u00a0\u00a0 Federico Moro Tornese naci\u00f3 en Buenos Aires, Argentina, donde estudi\u00f3 Bellas Artes en la Escuela Nacional de Bellas Artes Prilidiano Pueyrred\u00f3n y en la Fundaci\u00f3n Est\u00edmulo de Bellas Artes. Tambi\u00e9n estudi\u00f3 Dise\u00f1o de Imagen y Sonido en la Universidad de Buenos Aires. Continu\u00f3 sus estudios en New York City y trabaj\u00f3 en varias galer\u00edas [&hellip;]<\/p>\n","protected":false},"author":1,"featured_media":0,"parent":0,"menu_order":0,"comment_status":"open","ping_status":"open","template":"","meta":{"_monsterinsights_skip_tracking":false,"_monsterinsights_sitenote_active":false,"_monsterinsights_sitenote_note":"","_monsterinsights_sitenote_category":0,"footnotes":"","_links_to":"","_links_to_target":""},"class_list":["post-49","page","type-page","status-publish","hentry","has-post-thumbnail"],"_links":{"self":[{"href":"https:\/\/federicomorotorneseart.com\/index.php?rest_route=\/wp\/v2\/pages\/49","targetHints":{"allow":["GET"]}}],"collection":[{"href":"https:\/\/federicomorotorneseart.com\/index.php?rest_route=\/wp\/v2\/pages"}],"about":[{"href":"https:\/\/federicomorotorneseart.com\/index.php?rest_route=\/wp\/v2\/types\/page"}],"author":[{"embeddable":true,"href":"https:\/\/federicomorotorneseart.com\/index.php?rest_route=\/wp\/v2\/users\/1"}],"replies":[{"embeddable":true,"href":"https:\/\/federicomorotorneseart.com\/index.php?rest_route=%2Fwp%2Fv2%2Fcomments&post=49"}],"version-history":[{"count":34,"href":"https:\/\/federicomorotorneseart.com\/index.php?rest_route=\/wp\/v2\/pages\/49\/revisions"}],"predecessor-version":[{"id":1523,"href":"https:\/\/federicomorotorneseart.com\/index.php?rest_route=\/wp\/v2\/pages\/49\/revisions\/1523"}],"wp:attachment":[{"href":"https:\/\/federicomorotorneseart.com\/index.php?rest_route=%2Fwp%2Fv2%2Fmedia&parent=49"}],"curies":[{"name":"wp","href":"https:\/\/api.w.org\/{rel}","templated":true}]}}